{"id":10807,"date":"2023-02-07T19:30:19","date_gmt":"2023-02-07T18:30:19","guid":{"rendered":"https:\/\/innovons-demain.com\/?page_id=10807"},"modified":"2023-04-11T16:20:22","modified_gmt":"2023-04-11T14:20:22","slug":"demande-packs-reseaux-sociaux","status":"publish","type":"page","link":"https:\/\/innovons-demain.com\/pt\/demande-packs-reseaux-sociaux\/","title":{"rendered":"Demande Packs R\u00e9seaux Sociaux"},"content":{"rendered":"\t\t<div data-elementor-type=\"wp-page\" data-elementor-id=\"10807\" class=\"elementor elementor-10807\" data-elementor-post-type=\"page\">\n\t\t\t\t\t\t<section class=\"elementor-section elementor-top-section elementor-element elementor-element-75f6ed2 elementor-section-boxed elementor-section-height-default elementor-section-height-default\" data-id=\"75f6ed2\" data-element_type=\"section\" data-e-type=\"section\">\n\t\t\t\t\t\t<div class=\"elementor-container elementor-column-gap-default\">\n\t\t\t\t\t<div class=\"elementor-column elementor-col-50 elementor-top-column elementor-element elementor-element-02e7ebf\" data-id=\"02e7ebf\" data-element_type=\"column\" data-e-type=\"column\">\n\t\t\t<div class=\"elementor-widget-wrap elementor-element-populated\">\n\t\t\t\t\t\t<div class=\"elementor-element elementor-element-c14d04b elementor-invisible elementor-widget elementor-widget-rt-title-text-button\" data-id=\"c14d04b\" data-element_type=\"widget\" data-e-type=\"widget\" data-widget_type=\"rt-title-text-button.default\">\n\t\t\t\t<div class=\"elementor-widget-container\">\n\t\t\t\t\t<div class=\"hide fadeInUp\" data-wow-delay=\"200ms\" data-wow-duration=\"1200ms\">\n    <div class=\"section-headingFour section-headingFour--style-1 mb-0 \">\n            <h2 class=\"section-headingFour__title\">Contacter iD Agency <\/h2>\n            <p class=\"desc1\">Vous avez un projet ? des iD ?  Notre \u00e9quipe d'experts sera vous apporter une r\u00e9ponse \u00e0 vos besoins. <\/p>\n          <\/div>\n<\/div>\t\t\t\t<\/div>\n\t\t\t\t<\/div>\n\t\t\t\t<div class=\"elementor-element elementor-element-24ed069 elementor-invisible elementor-widget elementor-widget-rt-contact-box\" data-id=\"24ed069\" data-element_type=\"widget\" data-e-type=\"widget\" data-widget_type=\"rt-contact-box.default\">\n\t\t\t\t<div class=\"elementor-widget-container\">\n\t\t\t\t\t\n<div class=\"contact-address__content4 hide fadeInUp\" data-wow-delay=\"200ms\" data-wow-duration=\"1200ms\">\n  <header class=\"contact-address__header\">\n      <\/header>\n    <ul>\n        <li>\n                              <span class=\"svg-img\"><img decoding=\"async\" src=\"https:\/\/innovons-demain.com\/wp-content\/uploads\/2022\/01\/phone-red.svg\" alt=\"SVG Icon\"><\/span>\n                <span><a href=\"tel:+33768790967\">+33 7 68 79 09 67<\/a><\/span>    <\/li>\n        <li>\n                              <span class=\"svg-img\"><img decoding=\"async\" src=\"https:\/\/innovons-demain.com\/wp-content\/uploads\/2022\/01\/email-red.svg\" alt=\"SVG Icon\"><\/span>\n                <span><a href=\"mailto:contact@innovons-demain.com\">contact@innovons-demain.com<\/a><\/span>    <\/li>\n        <li>\n                              <span class=\"svg-img\"><img decoding=\"async\" src=\"https:\/\/innovons-demain.com\/wp-content\/uploads\/2022\/01\/map-red.svg\" alt=\"SVG Icon\"><\/span>\n                <span>Beaune : 18 rue Buffon 21200 Beaune <\/span>    <\/li>\n        <li>\n                              <span class=\"svg-img\"><img decoding=\"async\" src=\"https:\/\/innovons-demain.com\/wp-content\/uploads\/2022\/01\/map-red.svg\" alt=\"SVG Icon\"><\/span>\n                <span>Lisbonne :  145 rua Conde de Redondo 1250 - 139 Lisboa<\/span>    <\/li>\n      <\/ul>\n  <\/div>\t\t\t\t<\/div>\n\t\t\t\t<\/div>\n\t\t\t\t\t<\/div>\n\t\t<\/div>\n\t\t\t\t<div class=\"elementor-column elementor-col-50 elementor-top-column elementor-element elementor-element-3a3ac69\" data-id=\"3a3ac69\" data-element_type=\"column\" data-e-type=\"column\" data-settings=\"{&quot;background_background&quot;:&quot;gradient&quot;}\">\n\t\t\t<div class=\"elementor-widget-wrap elementor-element-populated\">\n\t\t\t\t\t\t<div class=\"elementor-element elementor-element-6d540dd elementor-invisible elementor-widget elementor-widget-rt-title-text-button\" data-id=\"6d540dd\" data-element_type=\"widget\" data-e-type=\"widget\" data-widget_type=\"rt-title-text-button.default\">\n\t\t\t\t<div class=\"elementor-widget-container\">\n\t\t\t\t\t<div class=\"hide fadeInUp\" data-wow-delay=\"200ms\" data-wow-duration=\"1200ms\">\n  <div class=\"section-heading section-heading--style-1 borderleft\">\n        <span class=\"section-heading__sub-title\">Nos packs vous int\u00e9ressent ?<\/span>\n        <h2 class=\"section-heading__title\">Choisissez votre iD Pack<\/h2>\n      <\/div>\n<\/div>\t\t\t\t<\/div>\n\t\t\t\t<\/div>\n\t\t\t\t<div class=\"elementor-element elementor-element-99c46bf elementor-button-align-center elementor-widget elementor-widget-form\" data-id=\"99c46bf\" data-element_type=\"widget\" data-e-type=\"widget\" data-settings=\"{&quot;step_next_label&quot;:&quot;Suivant&quot;,&quot;step_previous_label&quot;:&quot;Pr\\u00e9c\\u00e9dent&quot;,&quot;button_width&quot;:&quot;100&quot;,&quot;step_type&quot;:&quot;number_text&quot;,&quot;step_icon_shape&quot;:&quot;circle&quot;}\" data-widget_type=\"form.default\">\n\t\t\t\t<div class=\"elementor-widget-container\">\n\t\t\t\t\t\t\t<form class=\"elementor-form\" method=\"post\" name=\"Form Pack Reseaux sociaux\" aria-label=\"Form Pack Reseaux sociaux\">\n\t\t\t<input type=\"hidden\" name=\"post_id\" value=\"10807\"\/>\n\t\t\t<input type=\"hidden\" name=\"form_id\" value=\"99c46bf\"\/>\n\t\t\t<input type=\"hidden\" name=\"referer_title\" value=\"Demande Packs R\u00e9seaux Sociaux - iD Agency\" \/>\n\n\t\t\t\t\t\t\t<input type=\"hidden\" name=\"queried_id\" value=\"10807\"\/>\n\t\t\t\n\t\t\t<div class=\"elementor-form-fields-wrapper elementor-labels-above\">\n\t\t\t\t\t\t\t\t<div class=\"elementor-field-type-text elementor-field-group elementor-column elementor-field-group-name4 elementor-col-50 elementor-field-required\">\n\t\t\t\t\t\t\t\t\t\t\t\t<label for=\"form-field-name4\" class=\"elementor-field-label\">\n\t\t\t\t\t\t\t\tPr\u00e9nom & Nom\t\t\t\t\t\t\t<\/label>\n\t\t\t\t\t\t\t\t\t\t\t\t\t\t<input size=\"1\" type=\"text\" name=\"form_fields[name4]\" id=\"form-field-name4\" class=\"elementor-field elementor-size-sm  elementor-field-textual\" required=\"required\">\n\t\t\t\t\t\t\t\t\t\t\t<\/div>\n\t\t\t\t\t\t\t\t<div class=\"elementor-field-type-email elementor-field-group elementor-column elementor-field-group-email4 elementor-col-50 elementor-field-required\">\n\t\t\t\t\t\t\t\t\t\t\t\t<label for=\"form-field-email4\" class=\"elementor-field-label\">\n\t\t\t\t\t\t\t\tE-mail\t\t\t\t\t\t\t<\/label>\n\t\t\t\t\t\t\t\t\t\t\t\t\t\t<input size=\"1\" type=\"email\" name=\"form_fields[email4]\" id=\"form-field-email4\" class=\"elementor-field elementor-size-sm  elementor-field-textual\" required=\"required\">\n\t\t\t\t\t\t\t\t\t\t\t<\/div>\n\t\t\t\t\t\t\t\t<div class=\"elementor-field-type-textarea elementor-field-group elementor-column elementor-field-group-company4 elementor-col-100\">\n\t\t\t\t\t\t\t\t\t\t\t\t<label for=\"form-field-company4\" class=\"elementor-field-label\">\n\t\t\t\t\t\t\t\tEntreprise\t\t\t\t\t\t\t<\/label>\n\t\t\t\t\t\t<textarea class=\"elementor-field-textual elementor-field  elementor-size-sm\" name=\"form_fields[company4]\" id=\"form-field-company4\" rows=\"4\"><\/textarea>\t\t\t\t<\/div>\n\t\t\t\t\t\t\t\t<div class=\"elementor-field-type-textarea elementor-field-group elementor-column elementor-field-group-idpack4 elementor-col-100\">\n\t\t\t\t\t\t\t\t\t\t\t\t<label for=\"form-field-idpack4\" class=\"elementor-field-label\">\n\t\t\t\t\t\t\t\tVous avez une iD ?\t\t\t\t\t\t\t<\/label>\n\t\t\t\t\t\t<textarea class=\"elementor-field-textual elementor-field  elementor-size-sm\" name=\"form_fields[idpack4]\" id=\"form-field-idpack4\" rows=\"4\"><\/textarea>\t\t\t\t<\/div>\n\t\t\t\t\t\t\t\t<div class=\"elementor-field-type-select elementor-field-group elementor-column elementor-field-group-choixpack4 elementor-col-100 elementor-field-required\">\n\t\t\t\t\t\t\t\t\t\t\t\t<label for=\"form-field-choixpack4\" class=\"elementor-field-label\">\n\t\t\t\t\t\t\t\tLe pack que vous choisissez\t\t\t\t\t\t\t<\/label>\n\t\t\t\t\t\t\t\t<div class=\"elementor-field elementor-select-wrapper remove-before \">\n\t\t\t<div class=\"select-caret-down-wrapper\">\n\t\t\t\t<svg aria-hidden=\"true\" class=\"e-font-icon-svg e-eicon-caret-down\" viewBox=\"0 0 571.4 571.4\" xmlns=\"http:\/\/www.w3.org\/2000\/svg\"><path d=\"M571 393Q571 407 561 418L311 668Q300 679 286 679T261 668L11 418Q0 407 0 393T11 368 36 357H536Q550 357 561 368T571 393Z\"><\/path><\/svg>\t\t\t<\/div>\n\t\t\t<select name=\"form_fields[choixpack4]\" id=\"form-field-choixpack4\" class=\"elementor-field-textual elementor-size-sm\" required=\"required\">\n\t\t\t\t\t\t\t\t\t<option value=\"iD Pr\u00e9sence\">iD Pr\u00e9sence<\/option>\n\t\t\t\t\t\t\t\t\t<option value=\"iD Visibilit\u00e9\">iD Visibilit\u00e9<\/option>\n\t\t\t\t\t\t\t\t\t<option value=\"iD Influence\">iD Influence<\/option>\n\t\t\t\t\t\t\t\t\t<option value=\"Devis personnalis\u00e9\">Devis personnalis\u00e9<\/option>\n\t\t\t\t\t\t\t<\/select>\n\t\t<\/div>\n\t\t\t\t\t\t<\/div>\n\t\t\t\t\t\t\t\t<div class=\"elementor-field-type-text\">\n\t\t\t\t\t<input size=\"1\" type=\"text\" name=\"form_fields[potdemiel4]\" id=\"form-field-potdemiel4\" class=\"elementor-field elementor-size-sm \" style=\"display:none !important;\">\t\t\t\t<\/div>\n\t\t\t\t\t\t\t\t<div class=\"elementor-field-type-recaptcha_v3 elementor-field-group elementor-column elementor-field-group-recaptcha4 elementor-col-100 recaptcha_v3-bottomright\">\n\t\t\t\t\t<div class=\"elementor-field\" id=\"form-field-recaptcha4\"><div class=\"elementor-g-recaptcha\" data-sitekey=\"6LetKWQlAAAAAH9YuIk3vTvmohhKlTsYVuapxizh\" data-type=\"v3\" data-action=\"Form\" data-badge=\"bottomright\" data-size=\"invisible\"><\/div><\/div>\t\t\t\t<\/div>\n\t\t\t\t\t\t\t\t<div class=\"elementor-field-group elementor-column elementor-field-type-submit elementor-col-100 e-form__buttons\">\n\t\t\t\t\t<button class=\"elementor-button elementor-size-lg elementor-animation-grow\" type=\"submit\">\n\t\t\t\t\t\t<span class=\"elementor-button-content-wrapper\">\n\t\t\t\t\t\t\t\t\t\t\t\t\t\t\t\t\t\t\t\t\t\t<span class=\"elementor-button-text\">Envoyer<\/span>\n\t\t\t\t\t\t\t\t\t\t\t\t\t<\/span>\n\t\t\t\t\t<\/button>\n\t\t\t\t<\/div>\n\t\t\t<\/div>\n\t\t<\/form>\n\t\t\t\t\t\t<\/div>\n\t\t\t\t<\/div>\n\t\t\t\t\t<\/div>\n\t\t<\/div>\n\t\t\t\t\t<\/div>\n\t\t<\/section>\n\t\t\t\t<section class=\"elementor-section elementor-top-section elementor-element elementor-element-30fcb07 elementor-section-boxed elementor-section-height-default elementor-section-height-default\" data-id=\"30fcb07\" data-element_type=\"section\" data-e-type=\"section\">\n\t\t\t\t\t\t<div class=\"elementor-container elementor-column-gap-default\">\n\t\t\t\t\t<div class=\"elementor-column elementor-col-50 elementor-top-column elementor-element elementor-element-0fce02b\" data-id=\"0fce02b\" data-element_type=\"column\" data-e-type=\"column\">\n\t\t\t<div class=\"elementor-widget-wrap elementor-element-populated\">\n\t\t\t\t\t\t<div class=\"elementor-element elementor-element-61fd947 elementor-widget elementor-widget-heading\" data-id=\"61fd947\" data-element_type=\"widget\" data-e-type=\"widget\" data-widget_type=\"heading.default\">\n\t\t\t\t<div class=\"elementor-widget-container\">\n\t\t\t\t\t<h2 class=\"elementor-heading-title elementor-size-default\">Beaune <\/h2>\t\t\t\t<\/div>\n\t\t\t\t<\/div>\n\t\t\t\t<div class=\"elementor-element elementor-element-85286a0 elementor-widget elementor-widget-google_maps\" data-id=\"85286a0\" data-element_type=\"widget\" data-e-type=\"widget\" data-widget_type=\"google_maps.default\">\n\t\t\t\t<div class=\"elementor-widget-container\">\n\t\t\t\t\t\t\t<div class=\"elementor-custom-embed\">\n\t\t\t<iframe loading=\"lazy\"\n\t\t\t\t\tsrc=\"https:\/\/maps.google.com\/maps?q=18%20rue%20buffon%2021200%20BEAUNE&#038;t=m&#038;z=17&#038;output=embed&#038;iwloc=near\"\n\t\t\t\t\ttitle=\"18 rue buffon 21200 BEAUNE\"\n\t\t\t\t\taria-label=\"18 rue buffon 21200 BEAUNE\"\n\t\t\t><\/iframe>\n\t\t<\/div>\n\t\t\t\t\t\t<\/div>\n\t\t\t\t<\/div>\n\t\t\t\t\t<\/div>\n\t\t<\/div>\n\t\t\t\t<div class=\"elementor-column elementor-col-50 elementor-top-column elementor-element elementor-element-f4542fc\" data-id=\"f4542fc\" data-element_type=\"column\" data-e-type=\"column\">\n\t\t\t<div class=\"elementor-widget-wrap elementor-element-populated\">\n\t\t\t\t\t\t<div class=\"elementor-element elementor-element-2c2a915 elementor-widget elementor-widget-heading\" data-id=\"2c2a915\" data-element_type=\"widget\" data-e-type=\"widget\" data-widget_type=\"heading.default\">\n\t\t\t\t<div class=\"elementor-widget-container\">\n\t\t\t\t\t<h2 class=\"elementor-heading-title elementor-size-default\">Lisbonne<\/h2>\t\t\t\t<\/div>\n\t\t\t\t<\/div>\n\t\t\t\t<div class=\"elementor-element elementor-element-84adaa4 elementor-widget elementor-widget-google_maps\" data-id=\"84adaa4\" data-element_type=\"widget\" data-e-type=\"widget\" data-widget_type=\"google_maps.default\">\n\t\t\t\t<div class=\"elementor-widget-container\">\n\t\t\t\t\t\t\t<div class=\"elementor-custom-embed\">\n\t\t\t<iframe loading=\"lazy\"\n\t\t\t\t\tsrc=\"https:\/\/maps.google.com\/maps?q=145%20rua%20conde%20de%20redondo%20lisboa&#038;t=m&#038;z=17&#038;output=embed&#038;iwloc=near\"\n\t\t\t\t\ttitle=\"145 rua conde de redondo lisboa\"\n\t\t\t\t\taria-label=\"145 rua conde de redondo lisboa\"\n\t\t\t><\/iframe>\n\t\t<\/div>\n\t\t\t\t\t\t<\/div>\n\t\t\t\t<\/div>\n\t\t\t\t\t<\/div>\n\t\t<\/div>\n\t\t\t\t\t<\/div>\n\t\t<\/section>\n\t\t\t\t<section class=\"elementor-section elementor-top-section elementor-element elementor-element-9d8b2ea elementor-section-boxed elementor-section-height-default elementor-section-height-default\" data-id=\"9d8b2ea\" data-element_type=\"section\" data-e-type=\"section\">\n\t\t\t\t\t\t<div class=\"elementor-container elementor-column-gap-default\">\n\t\t\t\t\t<div class=\"elementor-column elementor-col-100 elementor-top-column elementor-element elementor-element-f711024\" data-id=\"f711024\" data-element_type=\"column\" data-e-type=\"column\">\n\t\t\t<div class=\"elementor-widget-wrap elementor-element-populated\">\n\t\t\t\t\t\t<div class=\"elementor-element elementor-element-287973d elementor-widget elementor-widget-spacer\" data-id=\"287973d\" data-element_type=\"widget\" data-e-type=\"widget\" data-widget_type=\"spacer.default\">\n\t\t\t\t<div class=\"elementor-widget-container\">\n\t\t\t\t\t\t\t<div class=\"elementor-spacer\">\n\t\t\t<div class=\"elementor-spacer-inner\"><\/div>\n\t\t<\/div>\n\t\t\t\t\t\t<\/div>\n\t\t\t\t<\/div>\n\t\t\t\t\t<\/div>\n\t\t<\/div>\n\t\t\t\t\t<\/div>\n\t\t<\/section>\n\t\t\t\t<\/div>\n\t\t","protected":false},"excerpt":{"rendered":"<p>Contacter iD Agency Vous avez un projet ? des iD ? Notre \u00e9quipe d&rsquo;experts sera vous apporter une r\u00e9ponse \u00e0 vos besoins. +33 7 68 79 09 67 contact@innovons-demain.com Beaune : 18 rue Buffon 21200 Beaune Lisbonne : 145 rua Conde de Redondo 1250 &#8211; 139 Lisboa Nos packs vous int\u00e9ressent ? Choisissez votre iD&#8230;<\/p>","protected":false},"author":1,"featured_media":10439,"parent":0,"menu_order":0,"comment_status":"closed","ping_status":"closed","template":"templates\/blank.php","meta":{"_themeisle_gutenberg_block_has_review":false,"footnotes":""},"class_list":["post-10807","page","type-page","status-publish","has-post-thumbnail","hentry","have-post-thumb"],"yoast_head":"<!-- This site is optimized with the Yoast SEO plugin v27.5 - https:\/\/yoast.com\/product\/yoast-seo-wordpress\/ -->\n<title>Demande Packs R\u00e9seaux Sociaux - iD Agency<\/title>\n<meta name=\"robots\" content=\"index, follow, max-snippet:-1, max-image-preview:large, max-video-preview:-1\" \/>\n<link rel=\"canonical\" href=\"https:\/\/innovons-demain.com\/pt\/demande-packs-reseaux-sociaux\/\" \/>\n<meta property=\"og:locale\" content=\"pt_PT\" \/>\n<meta property=\"og:type\" content=\"article\" \/>\n<meta property=\"og:title\" content=\"Demande Packs R\u00e9seaux Sociaux - iD Agency\" \/>\n<meta property=\"og:description\" content=\"Contacter iD Agency Vous avez un projet ? des iD ? Notre \u00e9quipe d&rsquo;experts sera vous apporter une r\u00e9ponse \u00e0 vos besoins. +33 7 68 79 09 67 contact@innovons-demain.com Beaune : 18 rue Buffon 21200 Beaune Lisbonne : 145 rua Conde de Redondo 1250 &#8211; 139 Lisboa Nos packs vous int\u00e9ressent ? Choisissez votre iD...\" \/>\n<meta property=\"og:url\" content=\"https:\/\/innovons-demain.com\/pt\/demande-packs-reseaux-sociaux\/\" \/>\n<meta property=\"og:site_name\" content=\"iD Agency\" \/>\n<meta property=\"article:modified_time\" content=\"2023-04-11T14:20:22+00:00\" \/>\n<meta property=\"og:image\" content=\"https:\/\/innovons-demain.com\/wp-content\/uploads\/2023\/01\/packs-reseaux-sociaux.jpg\" \/>\n\t<meta property=\"og:image:width\" content=\"996\" \/>\n\t<meta property=\"og:image:height\" content=\"560\" \/>\n\t<meta property=\"og:image:type\" content=\"image\/jpeg\" \/>\n<meta name=\"twitter:card\" content=\"summary_large_image\" \/>\n<meta name=\"twitter:label1\" content=\"Tempo estimado de leitura\" \/>\n\t<meta name=\"twitter:data1\" content=\"2 minutos\" \/>\n<script type=\"application\/ld+json\" class=\"yoast-schema-graph\">{\"@context\":\"https:\\\/\\\/schema.org\",\"@graph\":[{\"@type\":\"WebPage\",\"@id\":\"https:\\\/\\\/innovons-demain.com\\\/demande-packs-reseaux-sociaux\\\/\",\"url\":\"https:\\\/\\\/innovons-demain.com\\\/demande-packs-reseaux-sociaux\\\/\",\"name\":\"Demande Packs R\u00e9seaux Sociaux - iD Agency\",\"isPartOf\":{\"@id\":\"https:\\\/\\\/innovons-demain.com\\\/#website\"},\"primaryImageOfPage\":{\"@id\":\"https:\\\/\\\/innovons-demain.com\\\/demande-packs-reseaux-sociaux\\\/#primaryimage\"},\"image\":{\"@id\":\"https:\\\/\\\/innovons-demain.com\\\/demande-packs-reseaux-sociaux\\\/#primaryimage\"},\"thumbnailUrl\":\"https:\\\/\\\/innovons-demain.com\\\/wp-content\\\/uploads\\\/2023\\\/01\\\/packs-reseaux-sociaux.jpg\",\"datePublished\":\"2023-02-07T18:30:19+00:00\",\"dateModified\":\"2023-04-11T14:20:22+00:00\",\"breadcrumb\":{\"@id\":\"https:\\\/\\\/innovons-demain.com\\\/demande-packs-reseaux-sociaux\\\/#breadcrumb\"},\"inLanguage\":\"pt-PT\",\"potentialAction\":[{\"@type\":\"ReadAction\",\"target\":[\"https:\\\/\\\/innovons-demain.com\\\/demande-packs-reseaux-sociaux\\\/\"]}]},{\"@type\":\"ImageObject\",\"inLanguage\":\"pt-PT\",\"@id\":\"https:\\\/\\\/innovons-demain.com\\\/demande-packs-reseaux-sociaux\\\/#primaryimage\",\"url\":\"https:\\\/\\\/innovons-demain.com\\\/wp-content\\\/uploads\\\/2023\\\/01\\\/packs-reseaux-sociaux.jpg\",\"contentUrl\":\"https:\\\/\\\/innovons-demain.com\\\/wp-content\\\/uploads\\\/2023\\\/01\\\/packs-reseaux-sociaux.jpg\",\"width\":996,\"height\":560},{\"@type\":\"BreadcrumbList\",\"@id\":\"https:\\\/\\\/innovons-demain.com\\\/demande-packs-reseaux-sociaux\\\/#breadcrumb\",\"itemListElement\":[{\"@type\":\"ListItem\",\"position\":1,\"name\":\"Accueil\",\"item\":\"https:\\\/\\\/innovons-demain.com\\\/\"},{\"@type\":\"ListItem\",\"position\":2,\"name\":\"Demande Packs R\u00e9seaux Sociaux\"}]},{\"@type\":\"WebSite\",\"@id\":\"https:\\\/\\\/innovons-demain.com\\\/#website\",\"url\":\"https:\\\/\\\/innovons-demain.com\\\/\",\"name\":\"iD Agency\",\"description\":\"Innovons Demain\",\"publisher\":{\"@id\":\"https:\\\/\\\/innovons-demain.com\\\/#organization\"},\"potentialAction\":[{\"@type\":\"SearchAction\",\"target\":{\"@type\":\"EntryPoint\",\"urlTemplate\":\"https:\\\/\\\/innovons-demain.com\\\/?s={search_term_string}\"},\"query-input\":{\"@type\":\"PropertyValueSpecification\",\"valueRequired\":true,\"valueName\":\"search_term_string\"}}],\"inLanguage\":\"pt-PT\"},{\"@type\":\"Organization\",\"@id\":\"https:\\\/\\\/innovons-demain.com\\\/#organization\",\"name\":\"Innovons Demain\",\"url\":\"https:\\\/\\\/innovons-demain.com\\\/\",\"logo\":{\"@type\":\"ImageObject\",\"inLanguage\":\"pt-PT\",\"@id\":\"https:\\\/\\\/innovons-demain.com\\\/#\\\/schema\\\/logo\\\/image\\\/\",\"url\":\"https:\\\/\\\/innovons-demain.com\\\/wp-content\\\/uploads\\\/2021\\\/12\\\/cropped-logo-site-1_Plan-de-travail-1-2.png\",\"contentUrl\":\"https:\\\/\\\/innovons-demain.com\\\/wp-content\\\/uploads\\\/2021\\\/12\\\/cropped-logo-site-1_Plan-de-travail-1-2.png\",\"width\":245,\"height\":70,\"caption\":\"Innovons Demain\"},\"image\":{\"@id\":\"https:\\\/\\\/innovons-demain.com\\\/#\\\/schema\\\/logo\\\/image\\\/\"},\"sameAs\":[\"https:\\\/\\\/www.linkedin.com\\\/company\\\/idagencybeaune\\\/\",\"https:\\\/\\\/www.instagram.com\\\/innovons.demain.agency\\\/\"]}]}<\/script>\n<!-- \/ Yoast SEO plugin. -->","yoast_head_json":{"title":"Demande Packs R\u00e9seaux Sociaux - iD Agency","robots":{"index":"index","follow":"follow","max-snippet":"max-snippet:-1","max-image-preview":"max-image-preview:large","max-video-preview":"max-video-preview:-1"},"canonical":"https:\/\/innovons-demain.com\/pt\/demande-packs-reseaux-sociaux\/","og_locale":"pt_PT","og_type":"article","og_title":"Demande Packs R\u00e9seaux Sociaux - iD Agency","og_description":"Contacter iD Agency Vous avez un projet ? des iD ? Notre \u00e9quipe d&rsquo;experts sera vous apporter une r\u00e9ponse \u00e0 vos besoins. +33 7 68 79 09 67 contact@innovons-demain.com Beaune : 18 rue Buffon 21200 Beaune Lisbonne : 145 rua Conde de Redondo 1250 &#8211; 139 Lisboa Nos packs vous int\u00e9ressent ? Choisissez votre iD...","og_url":"https:\/\/innovons-demain.com\/pt\/demande-packs-reseaux-sociaux\/","og_site_name":"iD Agency","article_modified_time":"2023-04-11T14:20:22+00:00","og_image":[{"width":996,"height":560,"url":"https:\/\/innovons-demain.com\/wp-content\/uploads\/2023\/01\/packs-reseaux-sociaux.jpg","type":"image\/jpeg"}],"twitter_card":"summary_large_image","twitter_misc":{"Tempo estimado de leitura":"2 minutos"},"schema":{"@context":"https:\/\/schema.org","@graph":[{"@type":"WebPage","@id":"https:\/\/innovons-demain.com\/demande-packs-reseaux-sociaux\/","url":"https:\/\/innovons-demain.com\/demande-packs-reseaux-sociaux\/","name":"Demande Packs R\u00e9seaux Sociaux - iD Agency","isPartOf":{"@id":"https:\/\/innovons-demain.com\/#website"},"primaryImageOfPage":{"@id":"https:\/\/innovons-demain.com\/demande-packs-reseaux-sociaux\/#primaryimage"},"image":{"@id":"https:\/\/innovons-demain.com\/demande-packs-reseaux-sociaux\/#primaryimage"},"thumbnailUrl":"https:\/\/innovons-demain.com\/wp-content\/uploads\/2023\/01\/packs-reseaux-sociaux.jpg","datePublished":"2023-02-07T18:30:19+00:00","dateModified":"2023-04-11T14:20:22+00:00","breadcrumb":{"@id":"https:\/\/innovons-demain.com\/demande-packs-reseaux-sociaux\/#breadcrumb"},"inLanguage":"pt-PT","potentialAction":[{"@type":"ReadAction","target":["https:\/\/innovons-demain.com\/demande-packs-reseaux-sociaux\/"]}]},{"@type":"ImageObject","inLanguage":"pt-PT","@id":"https:\/\/innovons-demain.com\/demande-packs-reseaux-sociaux\/#primaryimage","url":"https:\/\/innovons-demain.com\/wp-content\/uploads\/2023\/01\/packs-reseaux-sociaux.jpg","contentUrl":"https:\/\/innovons-demain.com\/wp-content\/uploads\/2023\/01\/packs-reseaux-sociaux.jpg","width":996,"height":560},{"@type":"BreadcrumbList","@id":"https:\/\/innovons-demain.com\/demande-packs-reseaux-sociaux\/#breadcrumb","itemListElement":[{"@type":"ListItem","position":1,"name":"Accueil","item":"https:\/\/innovons-demain.com\/"},{"@type":"ListItem","position":2,"name":"Demande Packs R\u00e9seaux Sociaux"}]},{"@type":"WebSite","@id":"https:\/\/innovons-demain.com\/#website","url":"https:\/\/innovons-demain.com\/","name":"iD Agency","description":"Innovons Demain","publisher":{"@id":"https:\/\/innovons-demain.com\/#organization"},"potentialAction":[{"@type":"SearchAction","target":{"@type":"EntryPoint","urlTemplate":"https:\/\/innovons-demain.com\/?s={search_term_string}"},"query-input":{"@type":"PropertyValueSpecification","valueRequired":true,"valueName":"search_term_string"}}],"inLanguage":"pt-PT"},{"@type":"Organization","@id":"https:\/\/innovons-demain.com\/#organization","name":"Innovons Demain","url":"https:\/\/innovons-demain.com\/","logo":{"@type":"ImageObject","inLanguage":"pt-PT","@id":"https:\/\/innovons-demain.com\/#\/schema\/logo\/image\/","url":"https:\/\/innovons-demain.com\/wp-content\/uploads\/2021\/12\/cropped-logo-site-1_Plan-de-travail-1-2.png","contentUrl":"https:\/\/innovons-demain.com\/wp-content\/uploads\/2021\/12\/cropped-logo-site-1_Plan-de-travail-1-2.png","width":245,"height":70,"caption":"Innovons Demain"},"image":{"@id":"https:\/\/innovons-demain.com\/#\/schema\/logo\/image\/"},"sameAs":["https:\/\/www.linkedin.com\/company\/idagencybeaune\/","https:\/\/www.instagram.com\/innovons.demain.agency\/"]}]}},"_links":{"self":[{"href":"https:\/\/innovons-demain.com\/pt\/wp-json\/wp\/v2\/pages\/10807","targetHints":{"allow":["GET"]}}],"collection":[{"href":"https:\/\/innovons-demain.com\/pt\/wp-json\/wp\/v2\/pages"}],"about":[{"href":"https:\/\/innovons-demain.com\/pt\/wp-json\/wp\/v2\/types\/page"}],"author":[{"embeddable":true,"href":"https:\/\/innovons-demain.com\/pt\/wp-json\/wp\/v2\/users\/1"}],"replies":[{"embeddable":true,"href":"https:\/\/innovons-demain.com\/pt\/wp-json\/wp\/v2\/comments?post=10807"}],"version-history":[{"count":0,"href":"https:\/\/innovons-demain.com\/pt\/wp-json\/wp\/v2\/pages\/10807\/revisions"}],"wp:featuredmedia":[{"embeddable":true,"href":"https:\/\/innovons-demain.com\/pt\/wp-json\/wp\/v2\/media\/10439"}],"wp:attachment":[{"href":"https:\/\/innovons-demain.com\/pt\/wp-json\/wp\/v2\/media?parent=10807"}],"curies":[{"name":"wp","href":"https:\/\/api.w.org\/{rel}","templated":true}]}}