{"id":10767,"date":"2023-02-07T18:51:17","date_gmt":"2023-02-07T17:51:17","guid":{"rendered":"https:\/\/innovons-demain.com\/?page_id=10767"},"modified":"2023-04-11T18:04:52","modified_gmt":"2023-04-11T16:04:52","slug":"devis","status":"publish","type":"page","link":"https:\/\/innovons-demain.com\/pt\/devis\/","title":{"rendered":"Devis"},"content":{"rendered":"\t\t<div data-elementor-type=\"wp-page\" data-elementor-id=\"10767\" class=\"elementor elementor-10767\" data-elementor-post-type=\"page\">\n\t\t\t\t\t\t<section class=\"elementor-section elementor-top-section elementor-element elementor-element-75f6ed2 elementor-section-boxed elementor-section-height-default elementor-section-height-default\" data-id=\"75f6ed2\" data-element_type=\"section\" data-e-type=\"section\" data-settings=\"{&quot;background_background&quot;:&quot;classic&quot;}\">\n\t\t\t\t\t\t<div class=\"elementor-container elementor-column-gap-default\">\n\t\t\t\t\t<div class=\"elementor-column elementor-col-50 elementor-top-column elementor-element elementor-element-02e7ebf\" data-id=\"02e7ebf\" data-element_type=\"column\" data-e-type=\"column\">\n\t\t\t<div class=\"elementor-widget-wrap elementor-element-populated\">\n\t\t\t\t\t\t<div class=\"elementor-element elementor-element-c14d04b elementor-invisible elementor-widget elementor-widget-rt-title-text-button\" data-id=\"c14d04b\" data-element_type=\"widget\" data-e-type=\"widget\" data-widget_type=\"rt-title-text-button.default\">\n\t\t\t\t<div class=\"elementor-widget-container\">\n\t\t\t\t\t<div class=\"hide fadeInUp\" data-wow-delay=\"200ms\" data-wow-duration=\"1200ms\">\n    <div class=\"section-headingFour section-headingFour--style-1 mb-0 \">\n            <h2 class=\"section-headingFour__title\">Contacter iD Agency <\/h2>\n            <p class=\"desc1\">Vous avez un projet ? des iD ?  Notre \u00e9quipe d'experts sera vous apporter une r\u00e9ponse \u00e0 vos besoins. <\/p>\n          <\/div>\n<\/div>\t\t\t\t<\/div>\n\t\t\t\t<\/div>\n\t\t\t\t<div class=\"elementor-element elementor-element-24ed069 elementor-invisible elementor-widget elementor-widget-rt-contact-box\" data-id=\"24ed069\" data-element_type=\"widget\" data-e-type=\"widget\" data-widget_type=\"rt-contact-box.default\">\n\t\t\t\t<div class=\"elementor-widget-container\">\n\t\t\t\t\t\n<div class=\"contact-address__content4 hide fadeInUp\" data-wow-delay=\"200ms\" data-wow-duration=\"1200ms\">\n  <header class=\"contact-address__header\">\n      <\/header>\n    <ul>\n        <li>\n                              <span class=\"svg-img\"><img decoding=\"async\" src=\"https:\/\/innovons-demain.com\/wp-content\/uploads\/2022\/01\/phone-red.svg\" alt=\"SVG Icon\"><\/span>\n                <span><a href=\"tel:+33768790967\">+33 7 68 79 09 67<\/a><\/span>    <\/li>\n        <li>\n                              <span class=\"svg-img\"><img decoding=\"async\" src=\"https:\/\/innovons-demain.com\/wp-content\/uploads\/2022\/01\/email-red.svg\" alt=\"SVG Icon\"><\/span>\n                <span><a href=\"mailto:contact@innovons-demain.com\">contact@innovons-demain.com<\/a><\/span>    <\/li>\n        <li>\n                              <span class=\"svg-img\"><img decoding=\"async\" src=\"https:\/\/innovons-demain.com\/wp-content\/uploads\/2022\/01\/map-red.svg\" alt=\"SVG Icon\"><\/span>\n                <span>Beaune : 18 rue Buffon 21200 Beaune <\/span>    <\/li>\n        <li>\n                              <span class=\"svg-img\"><img decoding=\"async\" src=\"https:\/\/innovons-demain.com\/wp-content\/uploads\/2022\/01\/map-red.svg\" alt=\"SVG Icon\"><\/span>\n                <span>Lisbonne :  145 rua Conde de Redondo 1250 - 139 Lisboa<\/span>    <\/li>\n      <\/ul>\n  <\/div>\t\t\t\t<\/div>\n\t\t\t\t<\/div>\n\t\t\t\t\t<\/div>\n\t\t<\/div>\n\t\t\t\t<div class=\"elementor-column elementor-col-50 elementor-top-column elementor-element elementor-element-3a3ac69\" data-id=\"3a3ac69\" data-element_type=\"column\" data-e-type=\"column\" data-settings=\"{&quot;background_background&quot;:&quot;gradient&quot;}\">\n\t\t\t<div class=\"elementor-widget-wrap elementor-element-populated\">\n\t\t\t\t\t\t<div class=\"elementor-element elementor-element-6d540dd elementor-invisible elementor-widget elementor-widget-rt-title-text-button\" data-id=\"6d540dd\" data-element_type=\"widget\" data-e-type=\"widget\" data-widget_type=\"rt-title-text-button.default\">\n\t\t\t\t<div class=\"elementor-widget-container\">\n\t\t\t\t\t<div class=\"hide fadeInUp\" data-wow-delay=\"200ms\" data-wow-duration=\"1200ms\">\n  <div class=\"section-heading section-heading--style-1 borderleft\">\n        <span class=\"section-heading__sub-title\">DEMANDE de devis<\/span>\n        <h2 class=\"section-heading__title\">Vous avez une iD ? <\/h2>\n      <\/div>\n<\/div>\t\t\t\t<\/div>\n\t\t\t\t<\/div>\n\t\t\t\t<div class=\"elementor-element elementor-element-0734a48 elementor-button-align-center elementor-widget elementor-widget-form\" data-id=\"0734a48\" data-element_type=\"widget\" data-e-type=\"widget\" data-settings=\"{&quot;step_next_label&quot;:&quot;Suivant&quot;,&quot;step_previous_label&quot;:&quot;Pr\\u00e9c\\u00e9dent&quot;,&quot;button_width&quot;:&quot;100&quot;,&quot;step_type&quot;:&quot;number_text&quot;,&quot;step_icon_shape&quot;:&quot;circle&quot;}\" data-widget_type=\"form.default\">\n\t\t\t\t<div class=\"elementor-widget-container\">\n\t\t\t\t\t\t\t<form class=\"elementor-form\" method=\"post\" name=\"Demande devis\" aria-label=\"Demande devis\">\n\t\t\t<input type=\"hidden\" name=\"post_id\" value=\"10767\"\/>\n\t\t\t<input type=\"hidden\" name=\"form_id\" value=\"0734a48\"\/>\n\t\t\t<input type=\"hidden\" name=\"referer_title\" value=\"Devis - iD Agency\" \/>\n\n\t\t\t\t\t\t\t<input type=\"hidden\" name=\"queried_id\" value=\"10767\"\/>\n\t\t\t\n\t\t\t<div class=\"elementor-form-fields-wrapper elementor-labels-above\">\n\t\t\t\t\t\t\t\t<div class=\"elementor-field-type-text elementor-field-group elementor-column elementor-field-group-name5 elementor-col-50 elementor-field-required\">\n\t\t\t\t\t\t\t\t\t\t\t\t<label for=\"form-field-name5\" class=\"elementor-field-label\">\n\t\t\t\t\t\t\t\tPr\u00e9nom & Nom\t\t\t\t\t\t\t<\/label>\n\t\t\t\t\t\t\t\t\t\t\t\t\t\t<input size=\"1\" type=\"text\" name=\"form_fields[name5]\" id=\"form-field-name5\" class=\"elementor-field elementor-size-md  elementor-field-textual\" required=\"required\">\n\t\t\t\t\t\t\t\t\t\t\t<\/div>\n\t\t\t\t\t\t\t\t<div class=\"elementor-field-type-email elementor-field-group elementor-column elementor-field-group-email5 elementor-col-50 elementor-field-required\">\n\t\t\t\t\t\t\t\t\t\t\t\t<label for=\"form-field-email5\" class=\"elementor-field-label\">\n\t\t\t\t\t\t\t\tE-mail\t\t\t\t\t\t\t<\/label>\n\t\t\t\t\t\t\t\t\t\t\t\t\t\t<input size=\"1\" type=\"email\" name=\"form_fields[email5]\" id=\"form-field-email5\" class=\"elementor-field elementor-size-md  elementor-field-textual\" required=\"required\">\n\t\t\t\t\t\t\t\t\t\t\t<\/div>\n\t\t\t\t\t\t\t\t<div class=\"elementor-field-type-textarea elementor-field-group elementor-column elementor-field-group-company5 elementor-col-100\">\n\t\t\t\t\t\t\t\t\t\t\t\t<label for=\"form-field-company5\" class=\"elementor-field-label\">\n\t\t\t\t\t\t\t\tEntreprise\t\t\t\t\t\t\t<\/label>\n\t\t\t\t\t\t<textarea class=\"elementor-field-textual elementor-field  elementor-size-md\" name=\"form_fields[company5]\" id=\"form-field-company5\" rows=\"4\"><\/textarea>\t\t\t\t<\/div>\n\t\t\t\t\t\t\t\t<div class=\"elementor-field-type-text elementor-field-group elementor-column elementor-field-group-devis5 elementor-col-100 elementor-field-required\">\n\t\t\t\t\t\t\t\t\t\t\t\t<label for=\"form-field-devis5\" class=\"elementor-field-label\">\n\t\t\t\t\t\t\t\tpartagez votre projet !\t\t\t\t\t\t\t<\/label>\n\t\t\t\t\t\t\t\t\t\t\t\t\t\t<input size=\"1\" type=\"text\" name=\"form_fields[devis5]\" id=\"form-field-devis5\" class=\"elementor-field elementor-size-md  elementor-field-textual\" required=\"required\">\n\t\t\t\t\t\t\t\t\t\t\t<\/div>\n\t\t\t\t\t\t\t\t<div class=\"elementor-field-type-text\">\n\t\t\t\t\t<input size=\"1\" type=\"text\" name=\"form_fields[potdemiel5]\" id=\"form-field-potdemiel5\" class=\"elementor-field elementor-size-md \" style=\"display:none !important;\">\t\t\t\t<\/div>\n\t\t\t\t\t\t\t\t<div class=\"elementor-field-type-recaptcha_v3 elementor-field-group elementor-column elementor-field-group-recaptcha5 elementor-col-100 recaptcha_v3-bottomright\">\n\t\t\t\t\t<div class=\"elementor-field\" id=\"form-field-recaptcha5\"><div class=\"elementor-g-recaptcha\" data-sitekey=\"6LetKWQlAAAAAH9YuIk3vTvmohhKlTsYVuapxizh\" data-type=\"v3\" data-action=\"Form\" data-badge=\"bottomright\" data-size=\"invisible\"><\/div><\/div>\t\t\t\t<\/div>\n\t\t\t\t\t\t\t\t<div class=\"elementor-field-group elementor-column elementor-field-type-submit elementor-col-100 e-form__buttons\">\n\t\t\t\t\t<button class=\"elementor-button elementor-size-lg elementor-animation-grow\" type=\"submit\">\n\t\t\t\t\t\t<span class=\"elementor-button-content-wrapper\">\n\t\t\t\t\t\t\t\t\t\t\t\t\t\t\t\t\t\t\t\t\t\t<span class=\"elementor-button-text\">Envoyer<\/span>\n\t\t\t\t\t\t\t\t\t\t\t\t\t<\/span>\n\t\t\t\t\t<\/button>\n\t\t\t\t<\/div>\n\t\t\t<\/div>\n\t\t<\/form>\n\t\t\t\t\t\t<\/div>\n\t\t\t\t<\/div>\n\t\t\t\t\t<\/div>\n\t\t<\/div>\n\t\t\t\t\t<\/div>\n\t\t<\/section>\n\t\t\t\t<section class=\"elementor-section elementor-top-section elementor-element elementor-element-30fcb07 elementor-section-boxed elementor-section-height-default elementor-section-height-default\" data-id=\"30fcb07\" data-element_type=\"section\" data-e-type=\"section\">\n\t\t\t\t\t\t<div class=\"elementor-container elementor-column-gap-default\">\n\t\t\t\t\t<div class=\"elementor-column elementor-col-50 elementor-top-column elementor-element elementor-element-0fce02b\" data-id=\"0fce02b\" data-element_type=\"column\" data-e-type=\"column\">\n\t\t\t<div class=\"elementor-widget-wrap elementor-element-populated\">\n\t\t\t\t\t\t<div class=\"elementor-element elementor-element-61fd947 elementor-widget elementor-widget-heading\" data-id=\"61fd947\" data-element_type=\"widget\" data-e-type=\"widget\" data-widget_type=\"heading.default\">\n\t\t\t\t<div class=\"elementor-widget-container\">\n\t\t\t\t\t<h2 class=\"elementor-heading-title elementor-size-default\">Beaune <\/h2>\t\t\t\t<\/div>\n\t\t\t\t<\/div>\n\t\t\t\t<div class=\"elementor-element elementor-element-85286a0 elementor-widget elementor-widget-google_maps\" data-id=\"85286a0\" data-element_type=\"widget\" data-e-type=\"widget\" data-widget_type=\"google_maps.default\">\n\t\t\t\t<div class=\"elementor-widget-container\">\n\t\t\t\t\t\t\t<div class=\"elementor-custom-embed\">\n\t\t\t<iframe loading=\"lazy\"\n\t\t\t\t\tsrc=\"https:\/\/maps.google.com\/maps?q=18%20rue%20buffon%2021200%20BEAUNE&#038;t=m&#038;z=17&#038;output=embed&#038;iwloc=near\"\n\t\t\t\t\ttitle=\"18 rue buffon 21200 BEAUNE\"\n\t\t\t\t\taria-label=\"18 rue buffon 21200 BEAUNE\"\n\t\t\t><\/iframe>\n\t\t<\/div>\n\t\t\t\t\t\t<\/div>\n\t\t\t\t<\/div>\n\t\t\t\t\t<\/div>\n\t\t<\/div>\n\t\t\t\t<div class=\"elementor-column elementor-col-50 elementor-top-column elementor-element elementor-element-f4542fc\" data-id=\"f4542fc\" data-element_type=\"column\" data-e-type=\"column\">\n\t\t\t<div class=\"elementor-widget-wrap elementor-element-populated\">\n\t\t\t\t\t\t<div class=\"elementor-element elementor-element-2c2a915 elementor-widget elementor-widget-heading\" data-id=\"2c2a915\" data-element_type=\"widget\" data-e-type=\"widget\" data-widget_type=\"heading.default\">\n\t\t\t\t<div class=\"elementor-widget-container\">\n\t\t\t\t\t<h2 class=\"elementor-heading-title elementor-size-default\">Lisbonne<\/h2>\t\t\t\t<\/div>\n\t\t\t\t<\/div>\n\t\t\t\t<div class=\"elementor-element elementor-element-84adaa4 elementor-widget elementor-widget-google_maps\" data-id=\"84adaa4\" data-element_type=\"widget\" data-e-type=\"widget\" data-widget_type=\"google_maps.default\">\n\t\t\t\t<div class=\"elementor-widget-container\">\n\t\t\t\t\t\t\t<div class=\"elementor-custom-embed\">\n\t\t\t<iframe loading=\"lazy\"\n\t\t\t\t\tsrc=\"https:\/\/maps.google.com\/maps?q=145%20rua%20conde%20de%20redondo%20lisboa&#038;t=m&#038;z=17&#038;output=embed&#038;iwloc=near\"\n\t\t\t\t\ttitle=\"145 rua conde de redondo lisboa\"\n\t\t\t\t\taria-label=\"145 rua conde de redondo lisboa\"\n\t\t\t><\/iframe>\n\t\t<\/div>\n\t\t\t\t\t\t<\/div>\n\t\t\t\t<\/div>\n\t\t\t\t\t<\/div>\n\t\t<\/div>\n\t\t\t\t\t<\/div>\n\t\t<\/section>\n\t\t\t\t<section class=\"elementor-section elementor-top-section elementor-element elementor-element-9d8b2ea elementor-section-boxed elementor-section-height-default elementor-section-height-default\" data-id=\"9d8b2ea\" data-element_type=\"section\" data-e-type=\"section\">\n\t\t\t\t\t\t<div class=\"elementor-container elementor-column-gap-default\">\n\t\t\t\t\t<div class=\"elementor-column elementor-col-100 elementor-top-column elementor-element elementor-element-f711024\" data-id=\"f711024\" data-element_type=\"column\" data-e-type=\"column\">\n\t\t\t<div class=\"elementor-widget-wrap elementor-element-populated\">\n\t\t\t\t\t\t<div class=\"elementor-element elementor-element-287973d elementor-widget elementor-widget-spacer\" data-id=\"287973d\" data-element_type=\"widget\" data-e-type=\"widget\" data-widget_type=\"spacer.default\">\n\t\t\t\t<div class=\"elementor-widget-container\">\n\t\t\t\t\t\t\t<div class=\"elementor-spacer\">\n\t\t\t<div class=\"elementor-spacer-inner\"><\/div>\n\t\t<\/div>\n\t\t\t\t\t\t<\/div>\n\t\t\t\t<\/div>\n\t\t\t\t\t<\/div>\n\t\t<\/div>\n\t\t\t\t\t<\/div>\n\t\t<\/section>\n\t\t\t\t<\/div>\n\t\t","protected":false},"excerpt":{"rendered":"<p>Contacter iD Agency Vous avez un projet ? des iD ? Notre \u00e9quipe d&rsquo;experts sera vous apporter une r\u00e9ponse \u00e0 vos besoins. +33 7 68 79 09 67 contact@innovons-demain.com Beaune : 18 rue Buffon 21200 Beaune Lisbonne : 145 rua Conde de Redondo 1250 &#8211; 139 Lisboa DEMANDE de devis Vous avez une iD ?&#8230;<\/p>","protected":false},"author":1,"featured_media":10634,"parent":0,"menu_order":0,"comment_status":"closed","ping_status":"closed","template":"templates\/blank.php","meta":{"_themeisle_gutenberg_block_has_review":false,"footnotes":""},"class_list":["post-10767","page","type-page","status-publish","has-post-thumbnail","hentry","have-post-thumb"],"yoast_head":"<!-- This site is optimized with the Yoast SEO plugin v27.5 - https:\/\/yoast.com\/product\/yoast-seo-wordpress\/ -->\n<title>Devis - iD Agency<\/title>\n<meta name=\"robots\" content=\"index, follow, max-snippet:-1, max-image-preview:large, max-video-preview:-1\" \/>\n<link rel=\"canonical\" href=\"https:\/\/innovons-demain.com\/pt\/devis\/\" \/>\n<meta property=\"og:locale\" content=\"pt_PT\" \/>\n<meta property=\"og:type\" content=\"article\" \/>\n<meta property=\"og:title\" content=\"Devis - iD Agency\" \/>\n<meta property=\"og:description\" content=\"Contacter iD Agency Vous avez un projet ? des iD ? Notre \u00e9quipe d&rsquo;experts sera vous apporter une r\u00e9ponse \u00e0 vos besoins. +33 7 68 79 09 67 contact@innovons-demain.com Beaune : 18 rue Buffon 21200 Beaune Lisbonne : 145 rua Conde de Redondo 1250 &#8211; 139 Lisboa DEMANDE de devis Vous avez une iD ?...\" \/>\n<meta property=\"og:url\" content=\"https:\/\/innovons-demain.com\/pt\/devis\/\" \/>\n<meta property=\"og:site_name\" content=\"iD Agency\" \/>\n<meta property=\"article:modified_time\" content=\"2023-04-11T16:04:52+00:00\" \/>\n<meta property=\"og:image\" content=\"https:\/\/innovons-demain.com\/wp-content\/uploads\/2023\/01\/nous-contacter.jpg\" \/>\n\t<meta property=\"og:image:width\" content=\"612\" \/>\n\t<meta property=\"og:image:height\" content=\"408\" \/>\n\t<meta property=\"og:image:type\" content=\"image\/jpeg\" \/>\n<meta name=\"twitter:card\" content=\"summary_large_image\" \/>\n<meta name=\"twitter:label1\" content=\"Tempo estimado de leitura\" \/>\n\t<meta name=\"twitter:data1\" content=\"2 minutos\" \/>\n<script type=\"application\/ld+json\" class=\"yoast-schema-graph\">{\"@context\":\"https:\\\/\\\/schema.org\",\"@graph\":[{\"@type\":\"WebPage\",\"@id\":\"https:\\\/\\\/innovons-demain.com\\\/devis\\\/\",\"url\":\"https:\\\/\\\/innovons-demain.com\\\/devis\\\/\",\"name\":\"Devis - iD Agency\",\"isPartOf\":{\"@id\":\"https:\\\/\\\/innovons-demain.com\\\/#website\"},\"primaryImageOfPage\":{\"@id\":\"https:\\\/\\\/innovons-demain.com\\\/devis\\\/#primaryimage\"},\"image\":{\"@id\":\"https:\\\/\\\/innovons-demain.com\\\/devis\\\/#primaryimage\"},\"thumbnailUrl\":\"https:\\\/\\\/innovons-demain.com\\\/wp-content\\\/uploads\\\/2023\\\/01\\\/nous-contacter.jpg\",\"datePublished\":\"2023-02-07T17:51:17+00:00\",\"dateModified\":\"2023-04-11T16:04:52+00:00\",\"breadcrumb\":{\"@id\":\"https:\\\/\\\/innovons-demain.com\\\/devis\\\/#breadcrumb\"},\"inLanguage\":\"pt-PT\",\"potentialAction\":[{\"@type\":\"ReadAction\",\"target\":[\"https:\\\/\\\/innovons-demain.com\\\/devis\\\/\"]}]},{\"@type\":\"ImageObject\",\"inLanguage\":\"pt-PT\",\"@id\":\"https:\\\/\\\/innovons-demain.com\\\/devis\\\/#primaryimage\",\"url\":\"https:\\\/\\\/innovons-demain.com\\\/wp-content\\\/uploads\\\/2023\\\/01\\\/nous-contacter.jpg\",\"contentUrl\":\"https:\\\/\\\/innovons-demain.com\\\/wp-content\\\/uploads\\\/2023\\\/01\\\/nous-contacter.jpg\",\"width\":612,\"height\":408,\"caption\":\"nous contacter\"},{\"@type\":\"BreadcrumbList\",\"@id\":\"https:\\\/\\\/innovons-demain.com\\\/devis\\\/#breadcrumb\",\"itemListElement\":[{\"@type\":\"ListItem\",\"position\":1,\"name\":\"Accueil\",\"item\":\"https:\\\/\\\/innovons-demain.com\\\/\"},{\"@type\":\"ListItem\",\"position\":2,\"name\":\"Devis\"}]},{\"@type\":\"WebSite\",\"@id\":\"https:\\\/\\\/innovons-demain.com\\\/#website\",\"url\":\"https:\\\/\\\/innovons-demain.com\\\/\",\"name\":\"iD Agency\",\"description\":\"Innovons Demain\",\"publisher\":{\"@id\":\"https:\\\/\\\/innovons-demain.com\\\/#organization\"},\"potentialAction\":[{\"@type\":\"SearchAction\",\"target\":{\"@type\":\"EntryPoint\",\"urlTemplate\":\"https:\\\/\\\/innovons-demain.com\\\/?s={search_term_string}\"},\"query-input\":{\"@type\":\"PropertyValueSpecification\",\"valueRequired\":true,\"valueName\":\"search_term_string\"}}],\"inLanguage\":\"pt-PT\"},{\"@type\":\"Organization\",\"@id\":\"https:\\\/\\\/innovons-demain.com\\\/#organization\",\"name\":\"Innovons Demain\",\"url\":\"https:\\\/\\\/innovons-demain.com\\\/\",\"logo\":{\"@type\":\"ImageObject\",\"inLanguage\":\"pt-PT\",\"@id\":\"https:\\\/\\\/innovons-demain.com\\\/#\\\/schema\\\/logo\\\/image\\\/\",\"url\":\"https:\\\/\\\/innovons-demain.com\\\/wp-content\\\/uploads\\\/2021\\\/12\\\/cropped-logo-site-1_Plan-de-travail-1-2.png\",\"contentUrl\":\"https:\\\/\\\/innovons-demain.com\\\/wp-content\\\/uploads\\\/2021\\\/12\\\/cropped-logo-site-1_Plan-de-travail-1-2.png\",\"width\":245,\"height\":70,\"caption\":\"Innovons Demain\"},\"image\":{\"@id\":\"https:\\\/\\\/innovons-demain.com\\\/#\\\/schema\\\/logo\\\/image\\\/\"},\"sameAs\":[\"https:\\\/\\\/www.linkedin.com\\\/company\\\/idagencybeaune\\\/\",\"https:\\\/\\\/www.instagram.com\\\/innovons.demain.agency\\\/\"]}]}<\/script>\n<!-- \/ Yoast SEO plugin. -->","yoast_head_json":{"title":"Devis - iD Agency","robots":{"index":"index","follow":"follow","max-snippet":"max-snippet:-1","max-image-preview":"max-image-preview:large","max-video-preview":"max-video-preview:-1"},"canonical":"https:\/\/innovons-demain.com\/pt\/devis\/","og_locale":"pt_PT","og_type":"article","og_title":"Devis - iD Agency","og_description":"Contacter iD Agency Vous avez un projet ? des iD ? Notre \u00e9quipe d&rsquo;experts sera vous apporter une r\u00e9ponse \u00e0 vos besoins. +33 7 68 79 09 67 contact@innovons-demain.com Beaune : 18 rue Buffon 21200 Beaune Lisbonne : 145 rua Conde de Redondo 1250 &#8211; 139 Lisboa DEMANDE de devis Vous avez une iD ?...","og_url":"https:\/\/innovons-demain.com\/pt\/devis\/","og_site_name":"iD Agency","article_modified_time":"2023-04-11T16:04:52+00:00","og_image":[{"width":612,"height":408,"url":"https:\/\/innovons-demain.com\/wp-content\/uploads\/2023\/01\/nous-contacter.jpg","type":"image\/jpeg"}],"twitter_card":"summary_large_image","twitter_misc":{"Tempo estimado de leitura":"2 minutos"},"schema":{"@context":"https:\/\/schema.org","@graph":[{"@type":"WebPage","@id":"https:\/\/innovons-demain.com\/devis\/","url":"https:\/\/innovons-demain.com\/devis\/","name":"Devis - iD Agency","isPartOf":{"@id":"https:\/\/innovons-demain.com\/#website"},"primaryImageOfPage":{"@id":"https:\/\/innovons-demain.com\/devis\/#primaryimage"},"image":{"@id":"https:\/\/innovons-demain.com\/devis\/#primaryimage"},"thumbnailUrl":"https:\/\/innovons-demain.com\/wp-content\/uploads\/2023\/01\/nous-contacter.jpg","datePublished":"2023-02-07T17:51:17+00:00","dateModified":"2023-04-11T16:04:52+00:00","breadcrumb":{"@id":"https:\/\/innovons-demain.com\/devis\/#breadcrumb"},"inLanguage":"pt-PT","potentialAction":[{"@type":"ReadAction","target":["https:\/\/innovons-demain.com\/devis\/"]}]},{"@type":"ImageObject","inLanguage":"pt-PT","@id":"https:\/\/innovons-demain.com\/devis\/#primaryimage","url":"https:\/\/innovons-demain.com\/wp-content\/uploads\/2023\/01\/nous-contacter.jpg","contentUrl":"https:\/\/innovons-demain.com\/wp-content\/uploads\/2023\/01\/nous-contacter.jpg","width":612,"height":408,"caption":"nous contacter"},{"@type":"BreadcrumbList","@id":"https:\/\/innovons-demain.com\/devis\/#breadcrumb","itemListElement":[{"@type":"ListItem","position":1,"name":"Accueil","item":"https:\/\/innovons-demain.com\/"},{"@type":"ListItem","position":2,"name":"Devis"}]},{"@type":"WebSite","@id":"https:\/\/innovons-demain.com\/#website","url":"https:\/\/innovons-demain.com\/","name":"iD Agency","description":"Innovons Demain","publisher":{"@id":"https:\/\/innovons-demain.com\/#organization"},"potentialAction":[{"@type":"SearchAction","target":{"@type":"EntryPoint","urlTemplate":"https:\/\/innovons-demain.com\/?s={search_term_string}"},"query-input":{"@type":"PropertyValueSpecification","valueRequired":true,"valueName":"search_term_string"}}],"inLanguage":"pt-PT"},{"@type":"Organization","@id":"https:\/\/innovons-demain.com\/#organization","name":"Innovons Demain","url":"https:\/\/innovons-demain.com\/","logo":{"@type":"ImageObject","inLanguage":"pt-PT","@id":"https:\/\/innovons-demain.com\/#\/schema\/logo\/image\/","url":"https:\/\/innovons-demain.com\/wp-content\/uploads\/2021\/12\/cropped-logo-site-1_Plan-de-travail-1-2.png","contentUrl":"https:\/\/innovons-demain.com\/wp-content\/uploads\/2021\/12\/cropped-logo-site-1_Plan-de-travail-1-2.png","width":245,"height":70,"caption":"Innovons Demain"},"image":{"@id":"https:\/\/innovons-demain.com\/#\/schema\/logo\/image\/"},"sameAs":["https:\/\/www.linkedin.com\/company\/idagencybeaune\/","https:\/\/www.instagram.com\/innovons.demain.agency\/"]}]}},"_links":{"self":[{"href":"https:\/\/innovons-demain.com\/pt\/wp-json\/wp\/v2\/pages\/10767","targetHints":{"allow":["GET"]}}],"collection":[{"href":"https:\/\/innovons-demain.com\/pt\/wp-json\/wp\/v2\/pages"}],"about":[{"href":"https:\/\/innovons-demain.com\/pt\/wp-json\/wp\/v2\/types\/page"}],"author":[{"embeddable":true,"href":"https:\/\/innovons-demain.com\/pt\/wp-json\/wp\/v2\/users\/1"}],"replies":[{"embeddable":true,"href":"https:\/\/innovons-demain.com\/pt\/wp-json\/wp\/v2\/comments?post=10767"}],"version-history":[{"count":0,"href":"https:\/\/innovons-demain.com\/pt\/wp-json\/wp\/v2\/pages\/10767\/revisions"}],"wp:featuredmedia":[{"embeddable":true,"href":"https:\/\/innovons-demain.com\/pt\/wp-json\/wp\/v2\/media\/10634"}],"wp:attachment":[{"href":"https:\/\/innovons-demain.com\/pt\/wp-json\/wp\/v2\/media?parent=10767"}],"curies":[{"name":"wp","href":"https:\/\/api.w.org\/{rel}","templated":true}]}}